{"id":327,"date":"2024-05-07T17:03:38","date_gmt":"2024-05-07T22:03:38","guid":{"rendered":"https:\/\/pinstore.com.co\/?post_type=product&#038;p=327"},"modified":"2024-05-09T10:51:46","modified_gmt":"2024-05-09T15:51:46","slug":"pin-fundido1-estilo2","status":"publish","type":"product","link":"https:\/\/pinstore.com.co\/?product=pin-fundido1-estilo2","title":{"rendered":"PIN FUNDIDO 1 &#8211; ESTILO 2"},"content":{"rendered":"<p><span style=\"vertical-align: inherit;\">Esta impresi\u00f3n de alta calidad de 24&#8243; x 30&#8243; rezuma verano. Cu\u00e9lgalo en la pared y olv\u00eddate del mundo exterior.<\/span><\/p>\n","protected":false},"excerpt":{"rendered":"<p>Esta impresi\u00f3n de alta calidad de 24&#8243; x 30&#8243; rezuma verano. Cu\u00e9lgalo en la pared y olv\u00eddate del mundo exterior.<\/p>\n","protected":false},"featured_media":667,"comment_status":"open","ping_status":"closed","template":"","meta":{"_monsterinsights_skip_tracking":false,"_monsterinsights_sitenote_active":false,"_monsterinsights_sitenote_note":"","_monsterinsights_sitenote_category":0},"product_cat":[25],"product_tag":[],"aioseo_notices":[],"jetpack_sharing_enabled":true,"_links":{"self":[{"href":"https:\/\/pinstore.com.co\/index.php?rest_route=\/wp\/v2\/product\/327"}],"collection":[{"href":"https:\/\/pinstore.com.co\/index.php?rest_route=\/wp\/v2\/product"}],"about":[{"href":"https:\/\/pinstore.com.co\/index.php?rest_route=\/wp\/v2\/types\/product"}],"replies":[{"embeddable":true,"href":"https:\/\/pinstore.com.co\/index.php?rest_route=%2Fwp%2Fv2%2Fcomments&post=327"}],"wp:featuredmedia":[{"embeddable":true,"href":"https:\/\/pinstore.com.co\/index.php?rest_route=\/wp\/v2\/media\/667"}],"wp:attachment":[{"href":"https:\/\/pinstore.com.co\/index.php?rest_route=%2Fwp%2Fv2%2Fmedia&parent=327"}],"wp:term":[{"taxonomy":"product_cat","embeddable":true,"href":"https:\/\/pinstore.com.co\/index.php?rest_route=%2Fwp%2Fv2%2Fproduct_cat&post=327"},{"taxonomy":"product_tag","embeddable":true,"href":"https:\/\/pinstore.com.co\/index.php?rest_route=%2Fwp%2Fv2%2Fproduct_tag&post=327"}],"curies":[{"name":"wp","href":"https:\/\/api.w.org\/{rel}","templated":true}]}}