{"id":700,"date":"2024-05-09T15:20:40","date_gmt":"2024-05-09T20:20:40","guid":{"rendered":"https:\/\/pinstore.com.co\/?page_id=700"},"modified":"2024-05-13T16:23:10","modified_gmt":"2024-05-13T21:23:10","slug":"politica-de-reembolsos","status":"publish","type":"page","link":"https:\/\/pinstore.com.co\/?page_id=700","title":{"rendered":"Pol\u00edtica de reembolsos"},"content":{"rendered":"\t\t<div data-elementor-type=\"wp-page\" data-elementor-id=\"700\" class=\"elementor elementor-700\">\n\t\t\t\t<div class=\"elementor-element elementor-element-cf82611 e-flex e-con-boxed e-con e-parent\" data-id=\"cf82611\" data-element_type=\"container\">\n\t\t\t\t\t<div class=\"e-con-inner\">\n\t\t\t\t<div class=\"elementor-element elementor-element-0a4e57e elementor-widget__width-inherit exad-sticky-section-no exad-glass-effect-no elementor-widget elementor-widget-heading\" data-id=\"0a4e57e\" data-element_type=\"widget\" data-widget_type=\"heading.default\">\n\t\t\t\t<div class=\"elementor-widget-container\">\n\t\t\t\t\t<h2 class=\"elementor-heading-title elementor-size-default\">POL\u00cdTICA DE REEMBOLSOS<\/h2>\t\t\t\t<\/div>\n\t\t\t\t<\/div>\n\t\t\t\t\t<\/div>\n\t\t\t\t<\/div>\n\t\t<div class=\"elementor-element elementor-element-27d0421 e-flex e-con-boxed e-con e-parent\" data-id=\"27d0421\" data-element_type=\"container\">\n\t\t\t\t\t<div class=\"e-con-inner\">\n\t\t\t\t<div class=\"elementor-element elementor-element-74c69af exad-sticky-section-no exad-glass-effect-no elementor-widget elementor-widget-text-editor\" data-id=\"74c69af\" data-element_type=\"widget\" data-widget_type=\"text-editor.default\">\n\t\t\t\t<div class=\"elementor-widget-container\">\n\t\t\t\t\t\t\t\t\t<p style=\"text-align: left;\">Nuestra pol\u00edtica de reembolsos y devoluciones tiene una duraci\u00f3n de 30 d\u00edas. S\u00ed han pasado 30 d\u00edas desde su compra, no podemos ofrecerle un reembolso o cambio completo.\u00a0<\/p><p style=\"text-align: left;\">Para ser elegible para una devoluci\u00f3n, su art\u00edculo debe estar sin usar y en las mismas condiciones en que lo recibi\u00f3. Tambi\u00e9n debe estar en el embalaje original.\u00a0<\/p><p style=\"text-align: left;\">Varios tipos de bienes est\u00e1n exentos de devoluci\u00f3n. No se pueden devolver productos perecederos como alimentos, flores, peri\u00f3dicos o revistas. Tampoco aceptamos productos que sean art\u00edculos \u00edntimos o sanitarios, materiales peligrosos o l\u00edquidos o gases inflamables.\u00a0<\/p><ol style=\"text-align: left;\"><li>Art\u00edculos adicionales no retornables:<\/li><li>\u00a0Tarjetas de regalo.<\/li><li>Productos de software descargables.<\/li><li>\u00a0Algunos art\u00edculos de salud y cuidado personal.\u00a0<\/li><li>Para completar la devoluci\u00f3n, requerimos la factura original y\/o comprobante de compra.<\/li><li>Por favor no env\u00ede su compra al fabricante.\u00a0<\/li><li>Hay determinadas situaciones en las que s\u00f3lo se conceden reembolsos parciales:<\/li><li>\u00a0Libro con signos evidentes de uso.<\/li><li>\u00a0CD, DVD, cinta VHS, software, videojuego, cinta de casete o disco de vinilo que haya sido abierto.<\/li><\/ol><p style=\"text-align: left;\">\u00a0Cualquier art\u00edculo que no est\u00e9 en su estado original y est\u00e9 da\u00f1ado o le falten piezas por motivos ajenos a nuestro error.<\/p><p style=\"text-align: left;\">Cualquier art\u00edculo que se devuelva m\u00e1s de 30 d\u00edas despu\u00e9s de la entrega.<\/p>\t\t\t\t\t\t\t\t<\/div>\n\t\t\t\t<\/div>\n\t\t\t\t\t<\/div>\n\t\t\t\t<\/div>\n\t\t<div class=\"elementor-element elementor-element-6f27533 e-con-full e-flex e-con e-parent\" data-id=\"6f27533\" data-element_type=\"container\">\n\t\t\t\t<div class=\"elementor-element elementor-element-1bda09d exad-sticky-section-no exad-glass-effect-no elementor-widget elementor-widget-heading\" data-id=\"1bda09d\" data-element_type=\"widget\" data-widget_type=\"heading.default\">\n\t\t\t\t<div class=\"elementor-widget-container\">\n\t\t\t\t\t<h2 class=\"elementor-heading-title elementor-size-default\">REEMBOLSOS<\/h2>\t\t\t\t<\/div>\n\t\t\t\t<\/div>\n\t\t\t\t<\/div>\n\t\t<div class=\"elementor-element elementor-element-c56941e e-flex e-con-boxed e-con e-parent\" data-id=\"c56941e\" data-element_type=\"container\">\n\t\t\t\t\t<div class=\"e-con-inner\">\n\t\t\t\t<div class=\"elementor-element elementor-element-ed6063c exad-sticky-section-no exad-glass-effect-no elementor-widget elementor-widget-text-editor\" data-id=\"ed6063c\" data-element_type=\"widget\" data-widget_type=\"text-editor.default\">\n\t\t\t\t<div class=\"elementor-widget-container\">\n\t\t\t\t\t\t\t\t\t<p><span style=\"text-align: var(--text-align); color: var(--bt-color-body-text, #212121); font-size: var(--bt-font-size-body, 16px); letter-spacing: 0px;\">Una vez recibida e inspeccionada su devoluci\u00f3n, le enviaremos un correo electr\u00f3nico para notificarle que hemos recibido su art\u00edculo devuelto. Tambi\u00e9n le notificaremos la aprobaci\u00f3n o rechazo de su reembolso.\u00a0<\/span><\/p><p>S\u00ed es aprobado, se procesar\u00e1 su reembolso y se aplicar\u00e1 autom\u00e1ticamente un cr\u00e9dito a su tarjeta de cr\u00e9dito o m\u00e9todo de pago original, dentro de una cierta cantidad de d\u00edas.\u00a0<\/p>\t\t\t\t\t\t\t\t<\/div>\n\t\t\t\t<\/div>\n\t\t\t\t\t<\/div>\n\t\t\t\t<\/div>\n\t\t<div class=\"elementor-element elementor-element-3902c83 e-con-full e-flex e-con e-parent\" data-id=\"3902c83\" data-element_type=\"container\">\n\t\t\t\t<div class=\"elementor-element elementor-element-0ef606f exad-sticky-section-no exad-glass-effect-no elementor-widget elementor-widget-heading\" data-id=\"0ef606f\" data-element_type=\"widget\" data-widget_type=\"heading.default\">\n\t\t\t\t<div class=\"elementor-widget-container\">\n\t\t\t\t\t<h2 class=\"elementor-heading-title elementor-size-default\">REEMBOLSOS TARD\u00cdOS O FALTANTES <\/h2>\t\t\t\t<\/div>\n\t\t\t\t<\/div>\n\t\t\t\t<\/div>\n\t\t<div class=\"elementor-element elementor-element-36d571f e-flex e-con-boxed e-con e-parent\" data-id=\"36d571f\" data-element_type=\"container\">\n\t\t\t\t\t<div class=\"e-con-inner\">\n\t\t\t\t<div class=\"elementor-element elementor-element-2e67062 exad-sticky-section-no exad-glass-effect-no elementor-widget elementor-widget-text-editor\" data-id=\"2e67062\" data-element_type=\"widget\" data-widget_type=\"text-editor.default\">\n\t\t\t\t<div class=\"elementor-widget-container\">\n\t\t\t\t\t\t\t\t\t<p>S\u00ed a\u00fan no ha recibido un reembolso, primero verifique nuevamente su cuenta bancaria.<\/p><p>Luego, comun\u00edquese con la compa\u00f1\u00eda de su tarjeta de cr\u00e9dito; puede pasar alg\u00fan tiempo antes de que su reembolso se publique oficialmente.\u00a0<\/p><p>A continuaci\u00f3n contacta con tu banco. A menudo hay alg\u00fan tiempo de procesamiento antes de que se publique un reembolso.\u00a0<\/p><p>S\u00ed ha hecho todo esto y a\u00fan no ha recibido su reembolso, cont\u00e1ctenos en servicioalcliente@pinstore.com.co<\/p>\t\t\t\t\t\t\t\t<\/div>\n\t\t\t\t<\/div>\n\t\t\t\t\t<\/div>\n\t\t\t\t<\/div>\n\t\t<div class=\"elementor-element elementor-element-c4baf4f e-con-full e-flex e-con e-parent\" data-id=\"c4baf4f\" data-element_type=\"container\">\n\t\t\t\t<div class=\"elementor-element elementor-element-200bf63 exad-sticky-section-no exad-glass-effect-no elementor-widget elementor-widget-heading\" data-id=\"200bf63\" data-element_type=\"widget\" data-widget_type=\"heading.default\">\n\t\t\t\t<div class=\"elementor-widget-container\">\n\t\t\t\t\t<h2 class=\"elementor-heading-title elementor-size-default\">ART\u00cdCULOS A LA VENTA<\/h2>\t\t\t\t<\/div>\n\t\t\t\t<\/div>\n\t\t\t\t<\/div>\n\t\t<div class=\"elementor-element elementor-element-6862933 e-flex e-con-boxed e-con e-parent\" data-id=\"6862933\" data-element_type=\"container\">\n\t\t\t\t\t<div class=\"e-con-inner\">\n\t\t\t\t<div class=\"elementor-element elementor-element-25294a2 exad-sticky-section-no exad-glass-effect-no elementor-widget elementor-widget-text-editor\" data-id=\"25294a2\" data-element_type=\"widget\" data-widget_type=\"text-editor.default\">\n\t\t\t\t<div class=\"elementor-widget-container\">\n\t\t\t\t\t\t\t\t\t<p>Solo reemplazamos art\u00edculos s\u00ed est\u00e1n defectuosos o da\u00f1ados. S\u00ed necesita cambiarlo por el mismo art\u00edculo, env\u00edenos un correo electr\u00f3nico a servicioalcliente@democles.com.co y env\u00ede su art\u00edculo a:\u00a0<span style=\"font-weight: bold;\">CR 01 #02 \u2013 03\u00a0<\/span><\/p>\t\t\t\t\t\t\t\t<\/div>\n\t\t\t\t<\/div>\n\t\t\t\t\t<\/div>\n\t\t\t\t<\/div>\n\t\t<div class=\"elementor-element elementor-element-2adcb72 e-con-full e-flex e-con e-parent\" data-id=\"2adcb72\" data-element_type=\"container\">\n\t\t\t\t<div class=\"elementor-element elementor-element-9e2cc13 exad-sticky-section-no exad-glass-effect-no elementor-widget elementor-widget-heading\" data-id=\"9e2cc13\" data-element_type=\"widget\" data-widget_type=\"heading.default\">\n\t\t\t\t<div class=\"elementor-widget-container\">\n\t\t\t\t\t<h2 class=\"elementor-heading-title elementor-size-default\">REGALOS<\/h2>\t\t\t\t<\/div>\n\t\t\t\t<\/div>\n\t\t\t\t<\/div>\n\t\t<div class=\"elementor-element elementor-element-c1f6f53 e-flex e-con-boxed e-con e-parent\" data-id=\"c1f6f53\" data-element_type=\"container\">\n\t\t\t\t\t<div class=\"e-con-inner\">\n\t\t\t\t<div class=\"elementor-element elementor-element-5faa407 exad-sticky-section-no exad-glass-effect-no elementor-widget elementor-widget-text-editor\" data-id=\"5faa407\" data-element_type=\"widget\" data-widget_type=\"text-editor.default\">\n\t\t\t\t<div class=\"elementor-widget-container\">\n\t\t\t\t\t\t\t\t\t<p>S\u00ed el art\u00edculo se marc\u00f3 como regalo cuando se compr\u00f3 y se le envi\u00f3 directamente, recibir\u00e1 un cr\u00e9dito de regalo por el valor de su devoluci\u00f3n. Una vez recibido el art\u00edculo devuelto, se le enviar\u00e1 por correo un certificado de regalo.<\/p><p>S\u00ed el art\u00edculo no estaba marcado como regalo cuando se compr\u00f3, o s\u00ed el obsequio\u00a0 recibi\u00f3 para entreg\u00e1rselo m\u00e1s tarde, le enviaremos un reembolso al obsequio y \u00e9l se enterar\u00e1 de su devoluci\u00f3n.<\/p>\t\t\t\t\t\t\t\t<\/div>\n\t\t\t\t<\/div>\n\t\t\t\t\t<\/div>\n\t\t\t\t<\/div>\n\t\t<div class=\"elementor-element elementor-element-1352a25 e-con-full e-flex e-con e-parent\" data-id=\"1352a25\" data-element_type=\"container\">\n\t\t\t\t<div class=\"elementor-element elementor-element-7a525c8 exad-sticky-section-no exad-glass-effect-no elementor-widget elementor-widget-heading\" data-id=\"7a525c8\" data-element_type=\"widget\" data-widget_type=\"heading.default\">\n\t\t\t\t<div class=\"elementor-widget-container\">\n\t\t\t\t\t<h2 class=\"elementor-heading-title elementor-size-default\">ENV\u00cdO Y DEVOLUCIONES<\/h2>\t\t\t\t<\/div>\n\t\t\t\t<\/div>\n\t\t\t\t<\/div>\n\t\t<div class=\"elementor-element elementor-element-6c869ef e-flex e-con-boxed e-con e-parent\" data-id=\"6c869ef\" data-element_type=\"container\">\n\t\t\t\t\t<div class=\"e-con-inner\">\n\t\t\t\t<div class=\"elementor-element elementor-element-14bd756 exad-sticky-section-no exad-glass-effect-no elementor-widget elementor-widget-text-editor\" data-id=\"14bd756\" data-element_type=\"widget\" data-widget_type=\"text-editor.default\">\n\t\t\t\t<div class=\"elementor-widget-container\">\n\t\t\t\t\t\t\t\t\t<p>Para devolver su producto, debe enviarle por correo a\u00a0<span style=\"font-weight: bold;\"><i>servicioalcliente@pinstore.com.co<\/i><\/span><\/p><p>Usted ser\u00e1 responsable de pagar sus propios costos de env\u00edo para devolver su art\u00edculo. Los gastos de env\u00edo\u00a0 no son reembolsables. S\u00ed recibe un reembolso, el costo del env\u00edo de devoluci\u00f3n se deducir\u00e1 de su reembolso.<\/p><p>Dependiendo de d\u00f3nde se ubique, el tiempo que puede tardar en llegar el producto intercambiado puede variar.<\/p><p>S\u00ed devuelve art\u00edculos m\u00e1s caros, puede considerar utilizar un servicio de envi\u00f3 rastreable o comprar un seguro de env\u00edo. No garantizamos que recibiremos su art\u00edculo devuelto.<\/p>\t\t\t\t\t\t\t\t<\/div>\n\t\t\t\t<\/div>\n\t\t\t\t\t<\/div>\n\t\t\t\t<\/div>\n\t\t\t\t<\/div>\n\t\t","protected":false},"excerpt":{"rendered":"<p>POL\u00cdTICA DE REEMBOLSOS Nuestra pol\u00edtica de reembolsos y devoluciones tiene una duraci\u00f3n de 30 d\u00edas. S\u00ed han pasado 30 d\u00edas desde su compra, no podemos ofrecerle un reembolso o cambio completo.\u00a0 Para ser elegible para una devoluci\u00f3n, su art\u00edculo debe estar sin usar y en las mismas condiciones en que lo recibi\u00f3. Tambi\u00e9n debe estar<\/p>\n<div class=\"more-link\">\n\t\t\t\t <a href=\"https:\/\/pinstore.com.co\/?page_id=700\" class=\"link-btn\"><span>Seguir leyendo <\/span> <i class=\"icofont-thin-double-right\"><\/i><\/a>\n\t\t\t<\/div>\n","protected":false},"author":1,"featured_media":0,"parent":0,"menu_order":0,"comment_status":"closed","ping_status":"closed","template":"","meta":{"_monsterinsights_skip_tracking":false,"_monsterinsights_sitenote_active":false,"_monsterinsights_sitenote_note":"","_monsterinsights_sitenote_category":0,"footnotes":""},"aioseo_notices":[],"jetpack_sharing_enabled":true,"_links":{"self":[{"href":"https:\/\/pinstore.com.co\/index.php?rest_route=\/wp\/v2\/pages\/700"}],"collection":[{"href":"https:\/\/pinstore.com.co\/index.php?rest_route=\/wp\/v2\/pages"}],"about":[{"href":"https:\/\/pinstore.com.co\/index.php?rest_route=\/wp\/v2\/types\/page"}],"author":[{"embeddable":true,"href":"https:\/\/pinstore.com.co\/index.php?rest_route=\/wp\/v2\/users\/1"}],"replies":[{"embeddable":true,"href":"https:\/\/pinstore.com.co\/index.php?rest_route=%2Fwp%2Fv2%2Fcomments&post=700"}],"version-history":[{"count":22,"href":"https:\/\/pinstore.com.co\/index.php?rest_route=\/wp\/v2\/pages\/700\/revisions"}],"predecessor-version":[{"id":975,"href":"https:\/\/pinstore.com.co\/index.php?rest_route=\/wp\/v2\/pages\/700\/revisions\/975"}],"wp:attachment":[{"href":"https:\/\/pinstore.com.co\/index.php?rest_route=%2Fwp%2Fv2%2Fmedia&parent=700"}],"curies":[{"name":"wp","href":"https:\/\/api.w.org\/{rel}","templated":true}]}}