{"id":698,"date":"2024-05-09T15:20:12","date_gmt":"2024-05-09T20:20:12","guid":{"rendered":"https:\/\/pinstore.com.co\/?page_id=698"},"modified":"2024-05-13T16:36:39","modified_gmt":"2024-05-13T21:36:39","slug":"copyright","status":"publish","type":"page","link":"https:\/\/pinstore.com.co\/?page_id=698","title":{"rendered":"Copyright"},"content":{"rendered":"\t\t<div data-elementor-type=\"wp-page\" data-elementor-id=\"698\" class=\"elementor elementor-698\">\n\t\t\t\t<div class=\"elementor-element elementor-element-ec89ddc e-flex e-con-boxed e-con e-parent\" data-id=\"ec89ddc\" data-element_type=\"container\">\n\t\t\t\t\t<div class=\"e-con-inner\">\n\t\t\t\t<div class=\"elementor-element elementor-element-b9a0ac9 elementor-widget__width-inherit exad-sticky-section-no exad-glass-effect-no elementor-widget elementor-widget-heading\" data-id=\"b9a0ac9\" data-element_type=\"widget\" data-widget_type=\"heading.default\">\n\t\t\t\t<div class=\"elementor-widget-container\">\n\t\t\t\t\t<h2 class=\"elementor-heading-title elementor-size-default\">COPYRIGHT<\/h2>\t\t\t\t<\/div>\n\t\t\t\t<\/div>\n\t\t\t\t\t<\/div>\n\t\t\t\t<\/div>\n\t\t<div class=\"elementor-element elementor-element-0b2a450 e-flex e-con-boxed e-con e-parent\" data-id=\"0b2a450\" data-element_type=\"container\">\n\t\t\t\t\t<div class=\"e-con-inner\">\n\t\t\t\t<div class=\"elementor-element elementor-element-8a7891a exad-sticky-section-no exad-glass-effect-no elementor-widget elementor-widget-text-editor\" data-id=\"8a7891a\" data-element_type=\"widget\" data-widget_type=\"text-editor.default\">\n\t\t\t\t<div class=\"elementor-widget-container\">\n\t\t\t\t\t\t\t\t\t<p>Este sitio web y su contenido son propiedad de\u00a0<em><strong>PINSTORE.COM.CO\u00a0\u2013 \u00a9<a href=\"https:\/\/pinstore.com.co\/\"> PINSTORE.COM.CO 2024.<\/a><\/strong><\/em> Todos los derechos reservados. Queda prohibida la redistribuci\u00f3n o reproducci\u00f3n total o parcial de los contenidos en cualquier forma que no sea la siguiente:<\/p><p>Puede imprimir o descargar a un disco duro local extractos \u00fanicamente para su uso personal y no comercial puede copiar el contenido a terceros individuales para su uso personal, pero s\u00f3lo si reconoce el sitio web como la fuente del material no podr\u00e1, salvo con nuestra autorizaci\u00f3n expresa por escrito, distribuir o explotar comercialmente el contenido.<\/p><p>Tampoco podr\u00e1 transmitirlo ni almacenarlo en ning\u00fan otro sitio web u otra forma de sistema electr\u00f3nico de recuperaci\u00f3n.<\/p>\t\t\t\t\t\t\t\t<\/div>\n\t\t\t\t<\/div>\n\t\t\t\t\t<\/div>\n\t\t\t\t<\/div>\n\t\t\t\t<\/div>\n\t\t","protected":false},"excerpt":{"rendered":"<p>COPYRIGHT Este sitio web y su contenido son propiedad de\u00a0PINSTORE.COM.CO\u00a0\u2013 \u00a9 PINSTORE.COM.CO 2024. Todos los derechos reservados. Queda prohibida la redistribuci\u00f3n o reproducci\u00f3n total o parcial de los contenidos en cualquier forma que no sea la siguiente: Puede imprimir o descargar a un disco duro local extractos \u00fanicamente para su uso personal y no comercial<\/p>\n<div class=\"more-link\">\n\t\t\t\t <a href=\"https:\/\/pinstore.com.co\/?page_id=698\" class=\"link-btn\"><span>Seguir leyendo <\/span> <i class=\"icofont-thin-double-right\"><\/i><\/a>\n\t\t\t<\/div>\n","protected":false},"author":1,"featured_media":0,"parent":0,"menu_order":0,"comment_status":"closed","ping_status":"closed","template":"","meta":{"_monsterinsights_skip_tracking":false,"_monsterinsights_sitenote_active":false,"_monsterinsights_sitenote_note":"","_monsterinsights_sitenote_category":0,"footnotes":""},"aioseo_notices":[],"jetpack_sharing_enabled":true,"_links":{"self":[{"href":"https:\/\/pinstore.com.co\/index.php?rest_route=\/wp\/v2\/pages\/698"}],"collection":[{"href":"https:\/\/pinstore.com.co\/index.php?rest_route=\/wp\/v2\/pages"}],"about":[{"href":"https:\/\/pinstore.com.co\/index.php?rest_route=\/wp\/v2\/types\/page"}],"author":[{"embeddable":true,"href":"https:\/\/pinstore.com.co\/index.php?rest_route=\/wp\/v2\/users\/1"}],"replies":[{"embeddable":true,"href":"https:\/\/pinstore.com.co\/index.php?rest_route=%2Fwp%2Fv2%2Fcomments&post=698"}],"version-history":[{"count":10,"href":"https:\/\/pinstore.com.co\/index.php?rest_route=\/wp\/v2\/pages\/698\/revisions"}],"predecessor-version":[{"id":987,"href":"https:\/\/pinstore.com.co\/index.php?rest_route=\/wp\/v2\/pages\/698\/revisions\/987"}],"wp:attachment":[{"href":"https:\/\/pinstore.com.co\/index.php?rest_route=%2Fwp%2Fv2%2Fmedia&parent=698"}],"curies":[{"name":"wp","href":"https:\/\/api.w.org\/{rel}","templated":true}]}}