{"id":696,"date":"2024-05-09T15:18:37","date_gmt":"2024-05-09T20:18:37","guid":{"rendered":"https:\/\/pinstore.com.co\/?page_id=696"},"modified":"2024-05-13T16:40:50","modified_gmt":"2024-05-13T21:40:50","slug":"descargos-de-responsabilidad","status":"publish","type":"page","link":"https:\/\/pinstore.com.co\/?page_id=696","title":{"rendered":"Descargos de responsabilidad"},"content":{"rendered":"\t\t<div data-elementor-type=\"wp-page\" data-elementor-id=\"696\" class=\"elementor elementor-696\">\n\t\t\t\t<div class=\"elementor-element elementor-element-e4e384a e-flex e-con-boxed e-con e-parent\" data-id=\"e4e384a\" data-element_type=\"container\">\n\t\t\t\t\t<div class=\"e-con-inner\">\n\t\t\t\t<div class=\"elementor-element elementor-element-560b2f0 elementor-widget__width-inherit exad-sticky-section-no exad-glass-effect-no elementor-widget elementor-widget-heading\" data-id=\"560b2f0\" data-element_type=\"widget\" data-widget_type=\"heading.default\">\n\t\t\t\t<div class=\"elementor-widget-container\">\n\t\t\t\t\t<h2 class=\"elementor-heading-title elementor-size-default\">DESCARGOS DE RESPONSABILIDAD <\/h2>\t\t\t\t<\/div>\n\t\t\t\t<\/div>\n\t\t\t\t\t<\/div>\n\t\t\t\t<\/div>\n\t\t<div class=\"elementor-element elementor-element-f7e478c e-con-full e-flex e-con e-parent\" data-id=\"f7e478c\" data-element_type=\"container\">\n\t\t\t\t<div class=\"elementor-element elementor-element-1ceb2c9 elementor-widget-tablet__width-initial exad-sticky-section-no exad-glass-effect-no elementor-widget elementor-widget-text-editor\" data-id=\"1ceb2c9\" data-element_type=\"widget\" data-widget_type=\"text-editor.default\">\n\t\t\t\t<div class=\"elementor-widget-container\">\n\t\t\t\t\t\t\t\t\t<p>La informaci\u00f3n contenida en este sitio web tiene \u00fanicamente fines informativos generales. La informaci\u00f3n es proporcionada por<em><strong>\u00a0<a href=\"https:\/\/pinstore.com.co\/\" target=\"_blank\" rel=\"noopener\">PINSTORE.COM.CO<\/a><\/strong><\/em>\u00a0y mientras nos esforzamos por mantener la informaci\u00f3n actualizada y correcta, no hacemos representaciones o garant\u00edas de ning\u00fan tipo, expresa o impl\u00edcita, acerca de la integridad, exactitud, fiabilidad, adecuaci\u00f3n o disponibilidad con respecto a la p\u00e1gina web o la informaci\u00f3n, productos, servicios o gr\u00e1ficos relacionados contenidos en el sitio web para cualquier prop\u00f3sito. Por lo tanto, cualquier confianza que deposite en dicha informaci\u00f3n ser\u00e1 estrictamente por su cuenta y riesgo.<\/p><p>En ning\u00fan caso seremos responsables de cualquier p\u00e9rdida o da\u00f1o, incluidos, entre otros, p\u00e9rdidas o da\u00f1os indirectos o consecuentes, o cualquier p\u00e9rdida o da\u00f1o derivado de la p\u00e9rdida de datos o beneficios que se deriven del uso de este sitio web o est\u00e9n relacionados con \u00e9l.<\/p><p>A trav\u00e9s de este sitio web puede enlazar con otros sitios web que no est\u00e1n bajo el control de\u00a0<em><strong><a style=\"text-align: var(--text-align); background-color: #ffffff; word-spacing: normal;\" href=\"https:\/\/pinstore.com.co\/\" target=\"_blank\" rel=\"noopener\">PINSTORE.COM.CO<\/a><\/strong><\/em><\/p><p>No tenemos control alguno sobre la naturaleza, el contenido y la disponibilidad de dichos sitios. La inclusi\u00f3n de cualquier enlace no implica necesariamente una recomendaci\u00f3n o aprobaci\u00f3n de las opiniones expresadas en ellos.<\/p><p>Hacemos todo lo posible para que el sitio web funcione correctamente. Sin embargo,<strong><em>\u00a0<a href=\"https:\/\/pinstore.com.co\/\" target=\"_blank\" rel=\"noopener\">PINSTORE.COM.CO<\/a><\/em><\/strong>\u00a0no se responsabiliza de que el sitio web no est\u00e9 disponible temporalmente debido a problemas t\u00e9cnicos ajenos a nuestra voluntad.\u00a0<\/p>\t\t\t\t\t\t\t\t<\/div>\n\t\t\t\t<\/div>\n\t\t\t\t<\/div>\n\t\t\t\t<\/div>\n\t\t","protected":false},"excerpt":{"rendered":"<p>DESCARGOS DE RESPONSABILIDAD La informaci\u00f3n contenida en este sitio web tiene \u00fanicamente fines informativos generales. La informaci\u00f3n es proporcionada por\u00a0PINSTORE.COM.CO\u00a0y mientras nos esforzamos por mantener la informaci\u00f3n actualizada y correcta, no hacemos representaciones o garant\u00edas de ning\u00fan tipo, expresa o impl\u00edcita, acerca de la integridad, exactitud, fiabilidad, adecuaci\u00f3n o disponibilidad con respecto a la p\u00e1gina<\/p>\n<div class=\"more-link\">\n\t\t\t\t <a href=\"https:\/\/pinstore.com.co\/?page_id=696\" class=\"link-btn\"><span>Seguir leyendo <\/span> <i class=\"icofont-thin-double-right\"><\/i><\/a>\n\t\t\t<\/div>\n","protected":false},"author":1,"featured_media":0,"parent":0,"menu_order":0,"comment_status":"closed","ping_status":"closed","template":"","meta":{"_monsterinsights_skip_tracking":false,"_monsterinsights_sitenote_active":false,"_monsterinsights_sitenote_note":"","_monsterinsights_sitenote_category":0,"footnotes":""},"aioseo_notices":[],"jetpack_sharing_enabled":true,"_links":{"self":[{"href":"https:\/\/pinstore.com.co\/index.php?rest_route=\/wp\/v2\/pages\/696"}],"collection":[{"href":"https:\/\/pinstore.com.co\/index.php?rest_route=\/wp\/v2\/pages"}],"about":[{"href":"https:\/\/pinstore.com.co\/index.php?rest_route=\/wp\/v2\/types\/page"}],"author":[{"embeddable":true,"href":"https:\/\/pinstore.com.co\/index.php?rest_route=\/wp\/v2\/users\/1"}],"replies":[{"embeddable":true,"href":"https:\/\/pinstore.com.co\/index.php?rest_route=%2Fwp%2Fv2%2Fcomments&post=696"}],"version-history":[{"count":16,"href":"https:\/\/pinstore.com.co\/index.php?rest_route=\/wp\/v2\/pages\/696\/revisions"}],"predecessor-version":[{"id":1002,"href":"https:\/\/pinstore.com.co\/index.php?rest_route=\/wp\/v2\/pages\/696\/revisions\/1002"}],"wp:attachment":[{"href":"https:\/\/pinstore.com.co\/index.php?rest_route=%2Fwp%2Fv2%2Fmedia&parent=696"}],"curies":[{"name":"wp","href":"https:\/\/api.w.org\/{rel}","templated":true}]}}