{"id":694,"date":"2024-05-09T15:16:17","date_gmt":"2024-05-09T20:16:17","guid":{"rendered":"https:\/\/pinstore.com.co\/?page_id=694"},"modified":"2024-05-13T16:37:14","modified_gmt":"2024-05-13T21:37:14","slug":"cookies","status":"publish","type":"page","link":"https:\/\/pinstore.com.co\/?page_id=694","title":{"rendered":"Cookies"},"content":{"rendered":"\t\t<div data-elementor-type=\"wp-page\" data-elementor-id=\"694\" class=\"elementor elementor-694\">\n\t\t\t\t<div class=\"elementor-element elementor-element-6e7b46d e-flex e-con-boxed e-con e-parent\" data-id=\"6e7b46d\" data-element_type=\"container\">\n\t\t\t\t\t<div class=\"e-con-inner\">\n\t\t\t\t<div class=\"elementor-element elementor-element-d43d298 elementor-widget__width-inherit exad-sticky-section-no exad-glass-effect-no elementor-widget elementor-widget-heading\" data-id=\"d43d298\" data-element_type=\"widget\" data-widget_type=\"heading.default\">\n\t\t\t\t<div class=\"elementor-widget-container\">\n\t\t\t\t\t<h2 class=\"elementor-heading-title elementor-size-default\">COOKIES<\/h2>\t\t\t\t<\/div>\n\t\t\t\t<\/div>\n\t\t\t\t\t<\/div>\n\t\t\t\t<\/div>\n\t\t<div class=\"elementor-element elementor-element-959d44f e-flex e-con-boxed e-con e-parent\" data-id=\"959d44f\" data-element_type=\"container\">\n\t\t\t\t\t<div class=\"e-con-inner\">\n\t\t\t\t<div class=\"elementor-element elementor-element-3c832c3 exad-sticky-section-no exad-glass-effect-no elementor-widget elementor-widget-heading\" data-id=\"3c832c3\" data-element_type=\"widget\" data-widget_type=\"heading.default\">\n\t\t\t\t<div class=\"elementor-widget-container\">\n\t\t\t\t\t<h2 class=\"elementor-heading-title elementor-size-default\">Cookies y balizas web<\/h2>\t\t\t\t<\/div>\n\t\t\t\t<\/div>\n\t\t\t\t\t<\/div>\n\t\t\t\t<\/div>\n\t\t<div class=\"elementor-element elementor-element-a3b9290 e-flex e-con-boxed e-con e-parent\" data-id=\"a3b9290\" data-element_type=\"container\">\n\t\t\t\t\t<div class=\"e-con-inner\">\n\t\t\t\t<div class=\"elementor-element elementor-element-b8b8aff exad-sticky-section-no exad-glass-effect-no elementor-widget elementor-widget-text-editor\" data-id=\"b8b8aff\" data-element_type=\"widget\" data-widget_type=\"text-editor.default\">\n\t\t\t\t<div class=\"elementor-widget-container\">\n\t\t\t\t\t\t\t\t\t<p><a style=\"text-align: var(--text-align); background-color: #ffffff; word-spacing: normal;\" href=\"https:\/\/pinstore.com.co\/\" target=\"_blank\" rel=\"noopener\"><em><strong>PINSTORE.COM.CO<\/strong><\/em><\/a>\u00a0s\u00ed utiliza cookies para almacenar informaci\u00f3n sobre las preferencias de los visitantes, registrar informaci\u00f3n espec\u00edfica del usuario en las p\u00e1ginas a las que el usuario accede o visita, personalizar el contenido de la p\u00e1gina Web bas\u00e1ndose en el tipo de navegador del visitante u otra informaci\u00f3n que el visitante env\u00eda a trav\u00e9s de su navegador.<\/p>\t\t\t\t\t\t\t\t<\/div>\n\t\t\t\t<\/div>\n\t\t\t\t\t<\/div>\n\t\t\t\t<\/div>\n\t\t<div class=\"elementor-element elementor-element-973cc2b e-flex e-con-boxed e-con e-parent\" data-id=\"973cc2b\" data-element_type=\"container\">\n\t\t\t\t\t<div class=\"e-con-inner\">\n\t\t\t\t<div class=\"elementor-element elementor-element-1e59357 exad-sticky-section-no exad-glass-effect-no elementor-widget elementor-widget-heading\" data-id=\"1e59357\" data-element_type=\"widget\" data-widget_type=\"heading.default\">\n\t\t\t\t<div class=\"elementor-widget-container\">\n\t\t\t\t\t<h2 class=\"elementor-heading-title elementor-size-default\">Cookie DART de DoubleClick<\/h2>\t\t\t\t<\/div>\n\t\t\t\t<\/div>\n\t\t\t\t<div class=\"elementor-element elementor-element-145e56a exad-sticky-section-no exad-glass-effect-no elementor-widget elementor-widget-text-editor\" data-id=\"145e56a\" data-element_type=\"widget\" data-widget_type=\"text-editor.default\">\n\t\t\t\t<div class=\"elementor-widget-container\">\n\t\t\t\t\t\t\t\t\t<p>Google, como proveedor asociado, utiliza cookies para publicar anuncios en\u00a0<em><strong><a href=\"https:\/\/pinstore.com.co\/\" target=\"_blank\" rel=\"noopener\">PINSTORE.COM.CO<\/a><\/strong><\/em><br \/>El uso de la cookie de DART por parte de Google le permite servir anuncios a los usuarios basados en su visita a\u00a0<em><strong><a href=\"https:\/\/pinstore.com.co\/\" target=\"_blank\" rel=\"noopener\">PINSTORE.COM.CO<\/a><\/strong><\/em>\u00a0y otros sitios en Internet.<br \/>Los usuarios pueden inhabilitar el uso de la cookie de DART visitando la pol\u00edtica de privacidad de la red de anuncios y contenidos de Google en la siguiente URL:<a href=\"https:\/\/www.google.com\/policies\/privacy\/\"> https:\/\/www.google.com\/policies\/privacy\/<\/a>.<\/p><p>Estos servidores o redes publicitarias de terceros utilizan tecnolog\u00eda para que los anuncios y enlaces que aparecen en\u00a0<em><strong><a href=\"https:\/\/pinstore.com.co\/\" target=\"_blank\" rel=\"noopener\">PINSTORE.COM.CO<\/a><\/strong><\/em>\u00a0\u00a0lleguen directamente a sus navegadores. Cuando esto ocurre, reciben autom\u00e1ticamente su direcci\u00f3n IP. Otras tecnolog\u00edas ( como cookies, JavaScript, o Web Beacons ) tambi\u00e9n pueden ser utilizados por las redes publicitarias de terceros para medir la efectividad de sus anuncios y \/ o para personalizar el contenido de la publicidad que ves.<\/p><p><strong><em><a style=\"text-align: var(--text-align); background-color: #ffffff; word-spacing: normal;\" href=\"https:\/\/pinstore.com.co\/\" target=\"_blank\" rel=\"noopener\">PINSTORE.COM.CO<\/a><\/em><\/strong>\u00a0no tiene acceso ni control sobre estas cookies que son utilizados por los anunciantes de terceros.<\/p><p>Usted debe consultar las respectivas pol\u00edticas de privacidad de estos servidores de anuncios de terceros para obtener informaci\u00f3n m\u00e1s detallada sobre sus pr\u00e1cticas, as\u00ed como para obtener instrucciones sobre c\u00f3mo optar por no determinadas pr\u00e1cticas. La pol\u00edtica de privacidad de\u00a0<em><strong><a href=\"https:\/\/pinstore.com.co\/\" target=\"_blank\" rel=\"noopener\">PINSTORE.COM.CO<\/a><\/strong><\/em>\u00a0no se aplica a, y no podemos controlar las actividades de, esos otros anunciantes o sitios web.<\/p><p>Si desea desactivar las cookies, puede hacerlo a trav\u00e9s de las opciones individuales de su navegador. Puede encontrar informaci\u00f3n m\u00e1s detallada sobre la gesti\u00f3n de cookies con navegadores web espec\u00edficos en los sitios web de los respectivos navegadores.<\/p>\t\t\t\t\t\t\t\t<\/div>\n\t\t\t\t<\/div>\n\t\t\t\t\t<\/div>\n\t\t\t\t<\/div>\n\t\t\t\t<\/div>\n\t\t","protected":false},"excerpt":{"rendered":"<p>COOKIES Cookies y balizas web PINSTORE.COM.CO\u00a0s\u00ed utiliza cookies para almacenar informaci\u00f3n sobre las preferencias de los visitantes, registrar informaci\u00f3n espec\u00edfica del usuario en las p\u00e1ginas a las que el usuario accede o visita, personalizar el contenido de la p\u00e1gina Web bas\u00e1ndose en el tipo de navegador del visitante u otra informaci\u00f3n que el visitante env\u00eda<\/p>\n<div class=\"more-link\">\n\t\t\t\t <a href=\"https:\/\/pinstore.com.co\/?page_id=694\" class=\"link-btn\"><span>Seguir leyendo <\/span> <i class=\"icofont-thin-double-right\"><\/i><\/a>\n\t\t\t<\/div>\n","protected":false},"author":1,"featured_media":0,"parent":0,"menu_order":0,"comment_status":"closed","ping_status":"closed","template":"","meta":{"_monsterinsights_skip_tracking":false,"_monsterinsights_sitenote_active":false,"_monsterinsights_sitenote_note":"","_monsterinsights_sitenote_category":0,"footnotes":""},"aioseo_notices":[],"jetpack_sharing_enabled":true,"_links":{"self":[{"href":"https:\/\/pinstore.com.co\/index.php?rest_route=\/wp\/v2\/pages\/694"}],"collection":[{"href":"https:\/\/pinstore.com.co\/index.php?rest_route=\/wp\/v2\/pages"}],"about":[{"href":"https:\/\/pinstore.com.co\/index.php?rest_route=\/wp\/v2\/types\/page"}],"author":[{"embeddable":true,"href":"https:\/\/pinstore.com.co\/index.php?rest_route=\/wp\/v2\/users\/1"}],"replies":[{"embeddable":true,"href":"https:\/\/pinstore.com.co\/index.php?rest_route=%2Fwp%2Fv2%2Fcomments&post=694"}],"version-history":[{"count":22,"href":"https:\/\/pinstore.com.co\/index.php?rest_route=\/wp\/v2\/pages\/694\/revisions"}],"predecessor-version":[{"id":990,"href":"https:\/\/pinstore.com.co\/index.php?rest_route=\/wp\/v2\/pages\/694\/revisions\/990"}],"wp:attachment":[{"href":"https:\/\/pinstore.com.co\/index.php?rest_route=%2Fwp%2Fv2%2Fmedia&parent=694"}],"curies":[{"name":"wp","href":"https:\/\/api.w.org\/{rel}","templated":true}]}}