{"id":691,"date":"2024-05-09T15:01:22","date_gmt":"2024-05-09T20:01:22","guid":{"rendered":"https:\/\/pinstore.com.co\/?page_id=691"},"modified":"2024-05-13T16:22:43","modified_gmt":"2024-05-13T21:22:43","slug":"politica-de-privacidad","status":"publish","type":"page","link":"https:\/\/pinstore.com.co\/?page_id=691","title":{"rendered":"Pol\u00edtica de privacidad"},"content":{"rendered":"\t\t<div data-elementor-type=\"wp-page\" data-elementor-id=\"691\" class=\"elementor elementor-691\">\n\t\t\t\t<div class=\"elementor-element elementor-element-a5337f3 e-flex e-con-boxed e-con e-parent\" data-id=\"a5337f3\" data-element_type=\"container\">\n\t\t\t\t\t<div class=\"e-con-inner\">\n\t\t\t\t<div class=\"elementor-element elementor-element-be4c0c2 elementor-widget__width-inherit exad-sticky-section-no exad-glass-effect-no elementor-widget elementor-widget-heading\" data-id=\"be4c0c2\" data-element_type=\"widget\" data-widget_type=\"heading.default\">\n\t\t\t\t<div class=\"elementor-widget-container\">\n\t\t\t\t\t<h2 class=\"elementor-heading-title elementor-size-default\">POL\u00cdTICA DE PRIVACIDAD<\/h2>\t\t\t\t<\/div>\n\t\t\t\t<\/div>\n\t\t\t\t\t<\/div>\n\t\t\t\t<\/div>\n\t\t<div class=\"elementor-element elementor-element-8545de7 e-flex e-con-boxed e-con e-parent\" data-id=\"8545de7\" data-element_type=\"container\">\n\t\t\t\t\t<div class=\"e-con-inner\">\n\t\t\t\t<div class=\"elementor-element elementor-element-dd919af exad-sticky-section-no exad-glass-effect-no elementor-widget elementor-widget-text-editor\" data-id=\"dd919af\" data-element_type=\"widget\" data-widget_type=\"text-editor.default\">\n\t\t\t\t<div class=\"elementor-widget-container\">\n\t\t\t\t\t\t\t\t\t<p>En&nbsp;<a href=\"https:\/\/pinstore.com.co\/\" target=\"_blank\" rel=\"noopener\"><b><i>PINSTORE.COM.CO<\/i><\/b><\/a>&nbsp;, la privacidad de nuestros visitantes es de extrema importancia para nosotros. Este documento de pol\u00edtica de privacidad describe los tipos de informaci\u00f3n personal que recibe y recopila <b><i>P<a href=\"https:\/\/pinstore.com.co\/\" target=\"_blank\">INSTORE.COM.CO<\/a>&nbsp;<\/i><\/b>y c\u00f3mo la utiliza.<\/p>\n<p>Archivos de registro<\/p>\n<p>Como muchos otros sitios Web,<b><i>&nbsp;<a href=\"https:\/\/pinstore.com.co\/\" target=\"_blank\">PINSTORE.COM.CO<\/a><\/i><\/b>&nbsp;hace uso de archivos de registro. La informaci\u00f3n contenida en los archivos de registro incluye direcciones de protocolo de Internet (IP), tipo de navegador, proveedor de servicios de Internet (ISP), sello de fecha\/hora, p\u00e1ginas de referencia\/salida y n\u00famero de clics para analizar tendencias, administrar el sitio, rastrear el movimiento del usuario por el sitio y recopilar informaci\u00f3n demogr\u00e1fica. Las direcciones IP y otros datos de este tipo no est\u00e1n vinculados a ninguna informaci\u00f3n que permita la identificaci\u00f3n personal.<\/p>\t\t\t\t\t\t\t\t<\/div>\n\t\t\t\t<\/div>\n\t\t\t\t\t<\/div>\n\t\t\t\t<\/div>\n\t\t\t\t<\/div>\n\t\t","protected":false},"excerpt":{"rendered":"<p>POL\u00cdTICA DE PRIVACIDAD En&nbsp;PINSTORE.COM.CO&nbsp;, la privacidad de nuestros visitantes es de extrema importancia para nosotros. Este documento de pol\u00edtica de privacidad describe los tipos de informaci\u00f3n personal que recibe y recopila PINSTORE.COM.CO&nbsp;y c\u00f3mo la utiliza. Archivos de registro Como muchos otros sitios Web,&nbsp;PINSTORE.COM.CO&nbsp;hace uso de archivos de registro. La informaci\u00f3n contenida en los archivos de<\/p>\n<div class=\"more-link\">\n\t\t\t\t <a href=\"https:\/\/pinstore.com.co\/?page_id=691\" class=\"link-btn\"><span>Seguir leyendo <\/span> <i class=\"icofont-thin-double-right\"><\/i><\/a>\n\t\t\t<\/div>\n","protected":false},"author":1,"featured_media":0,"parent":0,"menu_order":0,"comment_status":"closed","ping_status":"closed","template":"","meta":{"_monsterinsights_skip_tracking":false,"_monsterinsights_sitenote_active":false,"_monsterinsights_sitenote_note":"","_monsterinsights_sitenote_category":0,"footnotes":""},"aioseo_notices":[],"jetpack_sharing_enabled":true,"_links":{"self":[{"href":"https:\/\/pinstore.com.co\/index.php?rest_route=\/wp\/v2\/pages\/691"}],"collection":[{"href":"https:\/\/pinstore.com.co\/index.php?rest_route=\/wp\/v2\/pages"}],"about":[{"href":"https:\/\/pinstore.com.co\/index.php?rest_route=\/wp\/v2\/types\/page"}],"author":[{"embeddable":true,"href":"https:\/\/pinstore.com.co\/index.php?rest_route=\/wp\/v2\/users\/1"}],"replies":[{"embeddable":true,"href":"https:\/\/pinstore.com.co\/index.php?rest_route=%2Fwp%2Fv2%2Fcomments&post=691"}],"version-history":[{"count":7,"href":"https:\/\/pinstore.com.co\/index.php?rest_route=\/wp\/v2\/pages\/691\/revisions"}],"predecessor-version":[{"id":972,"href":"https:\/\/pinstore.com.co\/index.php?rest_route=\/wp\/v2\/pages\/691\/revisions\/972"}],"wp:attachment":[{"href":"https:\/\/pinstore.com.co\/index.php?rest_route=%2Fwp%2Fv2%2Fmedia&parent=691"}],"curies":[{"name":"wp","href":"https:\/\/api.w.org\/{rel}","templated":true}]}}