{"id":689,"date":"2024-05-09T14:52:29","date_gmt":"2024-05-09T19:52:29","guid":{"rendered":"https:\/\/pinstore.com.co\/?page_id=689"},"modified":"2024-05-13T16:38:33","modified_gmt":"2024-05-13T21:38:33","slug":"terminos-y-condiciones","status":"publish","type":"page","link":"https:\/\/pinstore.com.co\/?page_id=689","title":{"rendered":"T\u00e9rminos y condiciones"},"content":{"rendered":"\t\t<div data-elementor-type=\"wp-page\" data-elementor-id=\"689\" class=\"elementor elementor-689\">\n\t\t\t\t<div class=\"elementor-element elementor-element-e8f9821 e-flex e-con-boxed e-con e-parent\" data-id=\"e8f9821\" data-element_type=\"container\">\n\t\t\t\t\t<div class=\"e-con-inner\">\n\t\t\t\t<div class=\"elementor-element elementor-element-3a5e8a2 elementor-widget__width-inherit exad-sticky-section-no exad-glass-effect-no elementor-widget elementor-widget-heading\" data-id=\"3a5e8a2\" data-element_type=\"widget\" data-widget_type=\"heading.default\">\n\t\t\t\t<div class=\"elementor-widget-container\">\n\t\t\t\t\t<h2 class=\"elementor-heading-title elementor-size-default\">T\u00c9RMINOS Y CONDICIONES<\/h2>\t\t\t\t<\/div>\n\t\t\t\t<\/div>\n\t\t\t\t\t<\/div>\n\t\t\t\t<\/div>\n\t\t<div class=\"elementor-element elementor-element-c2b258e e-con-full e-flex e-con e-parent\" data-id=\"c2b258e\" data-element_type=\"container\">\n\t\t\t\t<div class=\"elementor-element elementor-element-6100704 exad-sticky-section-no exad-glass-effect-no elementor-widget elementor-widget-text-editor\" data-id=\"6100704\" data-element_type=\"widget\" data-widget_type=\"text-editor.default\">\n\t\t\t\t<div class=\"elementor-widget-container\">\n\t\t\t\t\t\t\t\t\t<p style=\"text-align: left;\">Bienvenido a\u00a0<em><strong><a href=\"https:\/\/pinstore.com.co\/\" target=\"_blank\" rel=\"noopener\">PINSTORE.COM.CO<\/a><\/strong><strong>\u00a0<\/strong><\/em> Si contin\u00faa navegando y utilizando este sitio web, usted acepta cumplir y estar obligado por los siguientes t\u00e9rminos y condiciones de uso, que junto con nuestra pol\u00edtica de privacidad rigen la relaci\u00f3n de\u00a0<em><strong><a href=\"https:\/\/pinstore.com.co\/\" target=\"_blank\" rel=\"noopener\">PINSTORE.COM.CO<\/a>\u00a0<\/strong><\/em> con usted en relaci\u00f3n con este sitio web.<\/p><p style=\"text-align: left;\">El t\u00e9rmino<em><strong>\u00a0<a href=\"https:\/\/pinstore.com.co\/\" target=\"_blank\" rel=\"noopener\">PINSTORE.COM.CO<\/a><\/strong><strong>\u00a0<\/strong><\/em> o \u2018nosotros\u2019 se refiere al propietario del sitio web. El t\u00e9rmino \u201custed\u201d se refiere al usuario o visitante de nuestro sitio web. El uso de este sitio web est\u00e1 sujeto a las siguientes condiciones de uso:<\/p><p style=\"text-align: left;\">El contenido de las p\u00e1ginas de este sitio web es \u00fanicamente para su informaci\u00f3n y uso generales. Est\u00e1 sujeto a cambios sin previo aviso.<br \/>Ni nosotros ni terceros proporcionamos garant\u00eda alguna en cuanto a la exactitud, puntualidad, rendimiento, integridad o idoneidad de la informaci\u00f3n y los materiales encontrados u ofrecidos en este sitio web para cualquier fin concreto. Usted reconoce que dicha informaci\u00f3n y materiales pueden contener inexactitudes o errores y nosotros excluimos expresamente toda responsabilidad por tales inexactitudes o errores en la m\u00e1xima medida permitida por la ley.<br \/>El uso que usted haga de la informaci\u00f3n o los materiales contenidos en este sitio web ser\u00e1 por su cuenta y riesgo, y no asumiremos responsabilidad alguna por ello. Ser\u00e1 su responsabilidad asegurarse de que cualquier producto, servicio o informaci\u00f3n disponible a trav\u00e9s de este sitio web satisface sus necesidades espec\u00edficas.<\/p><p style=\"text-align: left;\">Este sitio web contiene material que nos pertenece o para el que tenemos licencia. Este material incluye, entre otros, el dise\u00f1o, la presentaci\u00f3n, el aspecto, la apariencia y los gr\u00e1ficos. Queda prohibida toda reproducci\u00f3n que no se ajuste al aviso de derechos de autor, que forma parte de las presentes condiciones.<br \/>Todas las marcas reproducidas en este sitio web, que no son propiedad del operador ni est\u00e1n autorizadas por \u00e9ste, se reconocen en el sitio web.<br \/>El uso no autorizado de este sitio web puede dar lugar a una reclamaci\u00f3n por da\u00f1os y perjuicios y\/o constituir un delito.<br \/>Ocasionalmente, este sitio web tambi\u00e9n puede incluir enlaces a otros sitios web. Estos enlaces se facilitan para su comodidad con el fin de proporcionarle m\u00e1s informaci\u00f3n. No significan que apoyemos el sitio o sitios web. No asumimos responsabilidad alguna por el contenido de los sitios web enlazados.<br \/>No puede crear un enlace a este sitio web desde otro sitio web o documento sin el consentimiento previo por escrito de <em><strong><a href=\"https:\/\/pinstore.com.co\/\">PINSTORE.COM.CO<\/a>\u00a0<\/strong><\/em><\/p>\t\t\t\t\t\t\t\t<\/div>\n\t\t\t\t<\/div>\n\t\t\t\t<\/div>\n\t\t\t\t<\/div>\n\t\t","protected":false},"excerpt":{"rendered":"<p>T\u00c9RMINOS Y CONDICIONES Bienvenido a\u00a0PINSTORE.COM.CO\u00a0 Si contin\u00faa navegando y utilizando este sitio web, usted acepta cumplir y estar obligado por los siguientes t\u00e9rminos y condiciones de uso, que junto con nuestra pol\u00edtica de privacidad rigen la relaci\u00f3n de\u00a0PINSTORE.COM.CO\u00a0 con usted en relaci\u00f3n con este sitio web. El t\u00e9rmino\u00a0PINSTORE.COM.CO\u00a0 o \u2018nosotros\u2019 se refiere al propietario del<\/p>\n<div class=\"more-link\">\n\t\t\t\t <a href=\"https:\/\/pinstore.com.co\/?page_id=689\" class=\"link-btn\"><span>Seguir leyendo <\/span> <i class=\"icofont-thin-double-right\"><\/i><\/a>\n\t\t\t<\/div>\n","protected":false},"author":1,"featured_media":0,"parent":0,"menu_order":0,"comment_status":"closed","ping_status":"closed","template":"","meta":{"_monsterinsights_skip_tracking":false,"_monsterinsights_sitenote_active":false,"_monsterinsights_sitenote_note":"","_monsterinsights_sitenote_category":0,"footnotes":""},"aioseo_notices":[],"jetpack_sharing_enabled":true,"_links":{"self":[{"href":"https:\/\/pinstore.com.co\/index.php?rest_route=\/wp\/v2\/pages\/689"}],"collection":[{"href":"https:\/\/pinstore.com.co\/index.php?rest_route=\/wp\/v2\/pages"}],"about":[{"href":"https:\/\/pinstore.com.co\/index.php?rest_route=\/wp\/v2\/types\/page"}],"author":[{"embeddable":true,"href":"https:\/\/pinstore.com.co\/index.php?rest_route=\/wp\/v2\/users\/1"}],"replies":[{"embeddable":true,"href":"https:\/\/pinstore.com.co\/index.php?rest_route=%2Fwp%2Fv2%2Fcomments&post=689"}],"version-history":[{"count":13,"href":"https:\/\/pinstore.com.co\/index.php?rest_route=\/wp\/v2\/pages\/689\/revisions"}],"predecessor-version":[{"id":999,"href":"https:\/\/pinstore.com.co\/index.php?rest_route=\/wp\/v2\/pages\/689\/revisions\/999"}],"wp:attachment":[{"href":"https:\/\/pinstore.com.co\/index.php?rest_route=%2Fwp%2Fv2%2Fmedia&parent=689"}],"curies":[{"name":"wp","href":"https:\/\/api.w.org\/{rel}","templated":true}]}}