{"id":342,"date":"2024-05-06T14:13:16","date_gmt":"2024-05-06T19:13:16","guid":{"rendered":"https:\/\/pinstore.com.co\/?page_id=342"},"modified":"2024-05-13T16:21:47","modified_gmt":"2024-05-13T21:21:47","slug":"mi-cuenta","status":"publish","type":"page","link":"https:\/\/pinstore.com.co\/?page_id=342","title":{"rendered":"MI CUENTA"},"content":{"rendered":"\t\t<div data-elementor-type=\"wp-page\" data-elementor-id=\"342\" class=\"elementor elementor-342\">\n\t\t\t\t<div class=\"elementor-element elementor-element-20db1f1 e-flex e-con-boxed e-con e-parent\" data-id=\"20db1f1\" data-element_type=\"container\">\n\t\t\t\t\t<div class=\"e-con-inner\">\n\t\t\t\t<div class=\"elementor-element elementor-element-a1dbf4b elementor-widget__width-inherit exad-sticky-section-no exad-glass-effect-no elementor-widget elementor-widget-heading\" data-id=\"a1dbf4b\" data-element_type=\"widget\" data-widget_type=\"heading.default\">\n\t\t\t\t<div class=\"elementor-widget-container\">\n\t\t\t\t\t<h2 class=\"elementor-heading-title elementor-size-default\">MI CUENTA<\/h2>\t\t\t\t<\/div>\n\t\t\t\t<\/div>\n\t\t\t\t\t<\/div>\n\t\t\t\t<\/div>\n\t\t<div class=\"elementor-element elementor-element-20c7cd4 e-flex e-con-boxed e-con e-parent\" data-id=\"20c7cd4\" data-element_type=\"container\">\n\t\t\t\t\t<div class=\"e-con-inner\">\n\t\t\t\t<div class=\"elementor-element elementor-element-ab01d8a exad-sticky-section-no exad-glass-effect-no elementor-widget elementor-widget-shortcode\" data-id=\"ab01d8a\" data-element_type=\"widget\" data-widget_type=\"shortcode.default\">\n\t\t\t\t<div class=\"elementor-widget-container\">\n\t\t\t\t\t\t\t<div class=\"elementor-shortcode\"><div class=\"woocommerce\"><div class=\"woocommerce-notices-wrapper\"><\/div>\n\n<div class=\"u-columns col2-set\" id=\"customer_login\">\n\n\t<div class=\"u-column1 col-1\">\n\n\n\t\t<h2>Acceder<\/h2>\n\n\t\t<form class=\"woocommerce-form woocommerce-form-login login\" method=\"post\">\n\n\t\t\t\n\t\t\t<p class=\"woocommerce-form-row woocommerce-form-row--wide form-row form-row-wide\">\n\t\t\t\t<label for=\"username\">Nombre de usuario o correo electr\u00f3nico&nbsp;<span class=\"required\" aria-hidden=\"true\">*<\/span><span class=\"screen-reader-text\">Obligatorio<\/span><\/label>\n\t\t\t\t<input type=\"text\" class=\"woocommerce-Input woocommerce-Input--text input-text\" name=\"username\" id=\"username\" autocomplete=\"username\" value=\"\" required aria-required=\"true\" \/>\t\t\t<\/p>\n\t\t\t<p class=\"woocommerce-form-row woocommerce-form-row--wide form-row form-row-wide\">\n\t\t\t\t<label for=\"password\">Contrase\u00f1a&nbsp;<span class=\"required\" aria-hidden=\"true\">*<\/span><span class=\"screen-reader-text\">Obligatorio<\/span><\/label>\n\t\t\t\t<input class=\"woocommerce-Input woocommerce-Input--text input-text\" type=\"password\" name=\"password\" id=\"password\" autocomplete=\"current-password\" required aria-required=\"true\" \/>\n\t\t\t<\/p>\n\n\t\t\t\n\t\t\t<p class=\"form-row\">\n\t\t\t\t<label class=\"woocommerce-form__label woocommerce-form__label-for-checkbox woocommerce-form-login__rememberme\">\n\t\t\t\t\t<input class=\"woocommerce-form__input woocommerce-form__input-checkbox\" name=\"rememberme\" type=\"checkbox\" id=\"rememberme\" value=\"forever\" \/> <span>Recu\u00e9rdame<\/span>\n\t\t\t\t<\/label>\n\t\t\t\t<input type=\"hidden\" id=\"woocommerce-login-nonce\" name=\"woocommerce-login-nonce\" value=\"08eafa7845\" \/><input type=\"hidden\" name=\"_wp_http_referer\" value=\"\/index.php?rest_route=%2Fwp%2Fv2%2Fpages%2F342\" \/>\t\t\t\t<button type=\"submit\" class=\"woocommerce-button button woocommerce-form-login__submit\" name=\"login\" value=\"Acceder\">Acceder<\/button>\n\t\t\t<\/p>\n\t\t\t<p class=\"woocommerce-LostPassword lost_password\">\n\t\t\t\t<a href=\"https:\/\/pinstore.com.co\/?page_id=342&#038;lost-password\">\u00bfOlvidaste la contrase\u00f1a?<\/a>\n\t\t\t<\/p>\n\n\t\t\t\n\t\t<\/form>\n\n\n\t<\/div>\n\n\t<div class=\"u-column2 col-2\">\n\n\t\t<h2>Registrarse<\/h2>\n\n\t\t<form method=\"post\" class=\"woocommerce-form woocommerce-form-register register\"  >\n\n\t\t\t\n\t\t\t\n\t\t\t<p class=\"woocommerce-form-row woocommerce-form-row--wide form-row form-row-wide\">\n\t\t\t\t<label for=\"reg_email\">Direcci\u00f3n de correo electr\u00f3nico&nbsp;<span class=\"required\" aria-hidden=\"true\">*<\/span><span class=\"screen-reader-text\">Obligatorio<\/span><\/label>\n\t\t\t\t<input type=\"email\" class=\"woocommerce-Input woocommerce-Input--text input-text\" name=\"email\" id=\"reg_email\" autocomplete=\"email\" value=\"\" required aria-required=\"true\" \/>\t\t\t<\/p>\n\n\t\t\t\n\t\t\t\t<p>Se enviar\u00e1 un enlace a tu direcci\u00f3n de correo electr\u00f3nico para establecer una nueva contrase\u00f1a.<\/p>\n\n\t\t\t\n\t\t\t<p class=\"form-row \" id=\"gr_marketing_consent_field\" data-priority=\"\"><span class=\"woocommerce-input-wrapper\"><label class=\"checkbox \" ><input type=\"checkbox\" name=\"gr_marketing_consent\" id=\"gr_marketing_consent\" value=\"1\" class=\"input-checkbox \"  \/> Al suscribirte aceptas recibir correos informativos y notificaciones importantes.&nbsp;<span class=\"optional\">(opcional)<\/span><\/label><\/span><\/p><wc-order-attribution-inputs><\/wc-order-attribution-inputs><div class=\"woocommerce-privacy-policy-text\"><p>Sus datos personales se utilizar\u00e1n para respaldar su experiencia en este sitio web, para administrar el acceso a su cuenta y para otros fines descritos en nuestra. <a href=\"https:\/\/pinstore.com.co\/?page_id=691\" class=\"woocommerce-privacy-policy-link\" target=\"_blank\">privacy policy<\/a>.<\/p>\n<\/div>\n\t\t\t<p class=\"woocommerce-form-row form-row\">\n\t\t\t\t<input type=\"hidden\" id=\"woocommerce-register-nonce\" name=\"woocommerce-register-nonce\" value=\"5218f71d6d\" \/><input type=\"hidden\" name=\"_wp_http_referer\" value=\"\/index.php?rest_route=%2Fwp%2Fv2%2Fpages%2F342\" \/>\t\t\t\t<button type=\"submit\" class=\"woocommerce-Button woocommerce-button button woocommerce-form-register__submit\" name=\"register\" value=\"Registrarse\">Registrarse<\/button>\n\t\t\t<\/p>\n\n\t\t\t\n\t\t<\/form>\n\n\t<\/div>\n\n<\/div>\n\n<\/div><\/div>\n\t\t\t\t\t\t<\/div>\n\t\t\t\t<\/div>\n\t\t\t\t\t<\/div>\n\t\t\t\t<\/div>\n\t\t\t\t<\/div>\n\t\t","protected":false},"excerpt":{"rendered":"<p>MI CUENTA<\/p>\n","protected":false},"author":1,"featured_media":0,"parent":0,"menu_order":0,"comment_status":"closed","ping_status":"closed","template":"","meta":{"_monsterinsights_skip_tracking":false,"_monsterinsights_sitenote_active":false,"_monsterinsights_sitenote_note":"","_monsterinsights_sitenote_category":0,"footnotes":""},"aioseo_notices":[],"jetpack_sharing_enabled":true,"_links":{"self":[{"href":"https:\/\/pinstore.com.co\/index.php?rest_route=\/wp\/v2\/pages\/342"}],"collection":[{"href":"https:\/\/pinstore.com.co\/index.php?rest_route=\/wp\/v2\/pages"}],"about":[{"href":"https:\/\/pinstore.com.co\/index.php?rest_route=\/wp\/v2\/types\/page"}],"author":[{"embeddable":true,"href":"https:\/\/pinstore.com.co\/index.php?rest_route=\/wp\/v2\/users\/1"}],"replies":[{"embeddable":true,"href":"https:\/\/pinstore.com.co\/index.php?rest_route=%2Fwp%2Fv2%2Fcomments&post=342"}],"version-history":[{"count":7,"href":"https:\/\/pinstore.com.co\/index.php?rest_route=\/wp\/v2\/pages\/342\/revisions"}],"predecessor-version":[{"id":966,"href":"https:\/\/pinstore.com.co\/index.php?rest_route=\/wp\/v2\/pages\/342\/revisions\/966"}],"wp:attachment":[{"href":"https:\/\/pinstore.com.co\/index.php?rest_route=%2Fwp%2Fv2%2Fmedia&parent=342"}],"curies":[{"name":"wp","href":"https:\/\/api.w.org\/{rel}","templated":true}]}}